{"id":3697,"date":"2024-01-09T09:58:42","date_gmt":"2024-01-09T09:58:42","guid":{"rendered":"https:\/\/senima.eu\/?page_id=3697"},"modified":"2024-01-22T07:14:05","modified_gmt":"2024-01-22T07:14:05","slug":"a-senima-eszkoztar-feladatgyujtemeny-es-alkalmazott-esettanulmanyok","status":"publish","type":"page","link":"https:\/\/senima.eu\/hu\/a-senima-eszkoztar-feladatgyujtemeny-es-alkalmazott-esettanulmanyok\/","title":{"rendered":"A SENIMA Eszk\u00f6zt\u00e1r: Feladatgy\u0171jtem\u00e9ny \u00e9s Alkalmazott esettanulm\u00e1nyok"},"content":{"rendered":"\t\t<div data-elementor-type=\"wp-page\" data-elementor-id=\"3697\" class=\"elementor elementor-3697 elementor-2879\">\n\t\t\t\t\t\t<section class=\"elementor-section elementor-top-section elementor-element elementor-element-af0e492 elementor-section-boxed elementor-section-height-default elementor-section-height-default\" data-id=\"af0e492\" data-element_type=\"section\">\n\t\t\t\t\t\t<div class=\"elementor-container elementor-column-gap-default\">\n\t\t\t\t\t<div class=\"aux-parallax-section elementor-column elementor-col-100 elementor-top-column elementor-element elementor-element-3e34bf9\" data-id=\"3e34bf9\" data-element_type=\"column\">\n\t\t\t<div class=\"elementor-widget-wrap elementor-element-populated\">\n\t\t\t\t\t\t<div class=\"elementor-element elementor-element-6b5fdff elementor-widget elementor-widget-heading\" data-id=\"6b5fdff\" data-element_type=\"widget\" data-widget_type=\"heading.default\">\n\t\t\t\t<div class=\"elementor-widget-container\">\n\t\t\t\t\t<h1 class=\"elementor-heading-title elementor-size-default\">A SENIMA Eszk\u00f6zt\u00e1r:<br>\nFeladatgy\u0171jtem\u00e9ny \u00e9s Alkalmazott esettanulm\u00e1nyok\n<\/h1>\t\t\t\t<\/div>\n\t\t\t\t<\/div>\n\t\t\t\t<div class=\"elementor-element elementor-element-2408e90 elementor-widget elementor-widget-text-editor\" data-id=\"2408e90\" data-element_type=\"widget\" data-widget_type=\"text-editor.default\">\n\t\t\t\t<div class=\"elementor-widget-container\">\n\t\t\t\t\t\t\t\t\t<p>A SENIMA Eszk\u00f6zt\u00e1r egy olyan \u00e1tfog\u00f3 forr\u00e1s, amelynek c\u00e9lja, hogy a t\u00e1rsadalmi \u00e9s \u00fczleti v\u00e1llalkoz\u00e1sok sz\u00e1m\u00e1ra lehet\u0151v\u00e9 tegye a t\u00e1rsadalmi v\u00e1llalkoz\u00f3i elvek \u00e1tv\u00e9tel\u00e9t, mivel tev\u00e9kenys\u00e9geket \u00e9s alkalmazott esettanulm\u00e1nyokat is tartalmaz, amelyek t\u00e1mogatj\u00e1k az elm\u00e9leti ismeretek \u00e1t\u00fcltet\u00e9s\u00e9t a gyakorlatba. A SENIMA Tananyagb\u00f3l \u00e9s annak n\u00e9gy modulj\u00e1b\u00f3l (A t\u00e1rsadalmi v\u00e1llalkoz\u00e1sok \u00fczleti modelljei \u00e9s jogi form\u00e1i; Innov\u00e1ci\u00f3 a t\u00e1rsadalmi v\u00e1llalkoz\u00e1sokn\u00e1l; A t\u00e1rsadalmi v\u00e1llalkoz\u00e1sok p\u00e9nz\u00fcgyi menedzsmentje; V\u00e1llalatir\u00e1ny\u00edt\u00e1s a t\u00e1rsadalmi v\u00e1llalkoz\u00e1sokn\u00e1l) kiindulva hasznos\u00edtja az e modulokba foglalt megl\u00e1t\u00e1sokat \u00e9s ismereteket, \u00e9s olyan gyakorlati forr\u00e1sokk\u00e1 alak\u00edtja \u0151ket, amelyek lehet\u0151v\u00e9 teszik az egy\u00e9nek \u00e9s szervezetek sz\u00e1m\u00e1ra, hogy magabiztosan navig\u00e1ljanak a t\u00e1rsadalmi v\u00e1llalkoz\u00f3i l\u00e9t sor\u00e1n.<\/p>\n<p>A SENIMA Eszk\u00f6zt\u00e1r k\u00e9t r\u00e9szb\u0151l \u00e1ll &#8211; Egy\u00fcttesen ez a k\u00e9t r\u00e9sz egy holisztikus \u00e9s hat\u00e9kony er\u0151forr\u00e1st alkotnak, amely k\u00e9pess\u00e9 teszi a tanul\u00f3kat, szakembereket \u00e9s t\u00e1rsadalmi v\u00e1llalkoz\u00e1sokat arra, hogy ne csak a t\u00e1rsadalmi v\u00e1llalkoz\u00f3i forma elm\u00e9leti alapjait \u00e9rts\u00e9k meg, hanem a gyakorlatban is hat\u00e9konyan alkalmazz\u00e1k azokat. Az els\u0151 szakasz a <strong>Feladatgy\u0171jtem\u00e9nyt <\/strong>foglalja mag\u00e1ban, amelyeket apr\u00f3l\u00e9kosan \u00fagy terveztek meg, hogy el\u0151seg\u00edts\u00e9k a t\u00e1rsadalmi v\u00e1llalkoz\u00f3i elvek \u00e9s gyakorlatok m\u00e9ly meg\u00e9rt\u00e9s\u00e9t. Ezek a feladatok a SENIMA tananyag n\u00e9gy alapmodulja k\u00f6r\u00e9 \u00e9p\u00fclnek, lehet\u0151s\u00e9get ny\u00fajtva az egy\u00e9neknek \u00e9s szervezeteknek, hogy gyakorlati ismereteket \u00e9s k\u00e9szs\u00e9geket szerezzenek olyan ter\u00fcleteken, mint az \u00fczleti modellek, az innov\u00e1ci\u00f3, a p\u00e9nz\u00fcgyi ir\u00e1ny\u00edt\u00e1s \u00e9s az v\u00e1llalatir\u00e1ny\u00edt\u00e1s a t\u00e1rsadalmi v\u00e1llalkoz\u00e1sok ter\u00fclet\u00e9n. Ezzel p\u00e1rhuzamosan a m\u00e1sodik r\u00e9sz az <strong>Alkalmazott esettanulm\u00e1nyokat <\/strong>tartalmazza, amelyek a SENIMA koncepci\u00f3 sikeres alkalmaz\u00e1s\u00e1t bemutat\u00f3 val\u00f3s p\u00e9ld\u00e1kat \u00e9s bev\u00e1lt gyakorlatokat tartalmaznak. Ezek az esettanulm\u00e1nyok k\u00fcl\u00f6nb\u00f6z\u0151 r\u00e9gi\u00f3kb\u00f3l, t\u00f6bbek k\u00f6z\u00f6tt Lengyelorsz\u00e1gb\u00f3l, Olaszorsz\u00e1gb\u00f3l, Magyarorsz\u00e1gr\u00f3l, G\u00f6r\u00f6gorsz\u00e1gb\u00f3l \u00e9s Ciprusr\u00f3l sz\u00e1rmaznak, \u00e9s \u00e9rt\u00e9kes mozaikot alkotnak a k\u00fcl\u00f6nb\u00f6z\u0151 megk\u00f6zel\u00edt\u00e9sekb\u0151l \u00e9s tapasztalatokb\u00f3l. A p\u00e9ld\u00e1kon kereszt\u00fcl a felhaszn\u00e1l\u00f3k \u00e9rt\u00e9kes betekint\u00e9st nyerhetnek abba, hogy a t\u00e1rsadalmi v\u00e1llalkoz\u00e1sok hogyan alkalmazt\u00e1k hat\u00e9konyan az Eszk\u00f6zt\u00e1rban tanult elveket, \u00e1thidalva ezzel az elm\u00e9let \u00e9s a k\u00e9zzelfoghat\u00f3 eredm\u00e9nyek k\u00f6z\u00f6tti szakad\u00e9kot.<\/p>\t\t\t\t\t\t\t\t<\/div>\n\t\t\t\t<\/div>\n\t\t\t\t\t<\/div>\n\t\t<\/div>\n\t\t\t\t\t<\/div>\n\t\t<\/section>\n\t\t\t\t<section class=\"elementor-section elementor-top-section elementor-element elementor-element-879f2ee elementor-section-content-middle elementor-section-boxed elementor-section-height-default elementor-section-height-default\" data-id=\"879f2ee\" data-element_type=\"section\">\n\t\t\t\t\t\t<div class=\"elementor-container elementor-column-gap-default\">\n\t\t\t\t\t<div class=\"aux-parallax-section elementor-column elementor-col-33 elementor-top-column elementor-element elementor-element-374de0e\" data-id=\"374de0e\" data-element_type=\"column\">\n\t\t\t<div class=\"elementor-widget-wrap elementor-element-populated\">\n\t\t\t\t\t\t<div class=\"elementor-element elementor-element-a19b1a6 elementor-widget elementor-widget-aux_text\" data-id=\"a19b1a6\" data-element_type=\"widget\" data-widget_type=\"aux_text.default\">\n\t\t\t\t<div class=\"elementor-widget-container\">\n\t\t\t\t\t<section class=\"widget-container aux-widget-text aux-parent-auf04005e0\">        <div class=\"aux-widget-advanced-text aux-wrap-style-simple aux-ico-pos-top aux-text-center aux-text-resp- aux-text-color-dark aux-text-widget-bg-center aux-text-no-content \" >\n        \n                            <div class=\"aux-text-widget-header \"  >\n                        <div class=\"aux-ico-box aux-ico-large aux-ico-shape-circle aux-ico-clear \">\n                            <i aria-hidden=\"true\" class=\"aux-ico far fa-file\"><\/i>                        <\/div>\n                <\/div>\n            \n            <div class=\"aux-text-inner aux-text-widget-content\">\n                                <h4 class=\"col-title\">Teljes dokumentum<\/h4>\n                <a  href=\"https:\/\/senima.eu\/hu\/a-senima-eszkoztar-full\/\" target=\"_self\"   class=\"aux-button aux-medium aux-steel-blue aux-round aux-outline\" ><span class=\"aux-overlay\"><\/span><span class=\"aux-text\">Olvass tov\u00e1bb<\/span><\/a>            <\/div>\n        <\/div>\n                    <div class=\"aux-text-widget-footer\">\n                <div class=\"aux-border-shape-none \">\n                                <\/div>\n            <\/div>\n        \n<\/section><!-- widget-container -->\t\t\t\t<\/div>\n\t\t\t\t<\/div>\n\t\t\t\t\t<\/div>\n\t\t<\/div>\n\t\t\t\t<div class=\"aux-parallax-section elementor-column elementor-col-33 elementor-top-column elementor-element elementor-element-2603c85\" data-id=\"2603c85\" data-element_type=\"column\">\n\t\t\t<div class=\"elementor-widget-wrap elementor-element-populated\">\n\t\t\t\t\t\t<div class=\"elementor-element elementor-element-bb719fd elementor-widget elementor-widget-aux_text\" data-id=\"bb719fd\" data-element_type=\"widget\" data-widget_type=\"aux_text.default\">\n\t\t\t\t<div class=\"elementor-widget-container\">\n\t\t\t\t\t<section class=\"widget-container aux-widget-text aux-parent-au2a127ad9\">        <div class=\"aux-widget-advanced-text aux-wrap-style-simple aux-ico-pos-top aux-text-center aux-text-resp- aux-text-color-dark aux-text-widget-bg-center aux-text-no-content \" >\n        \n                            <div class=\"aux-text-widget-header \"  >\n                        <div class=\"aux-ico-box aux-ico-large aux-ico-shape-circle aux-ico-clear \">\n                            <i aria-hidden=\"true\" class=\"aux-ico auxicon auxicon-study\"><\/i>                        <\/div>\n                <\/div>\n            \n            <div class=\"aux-text-inner aux-text-widget-content\">\n                                <h4 class=\"col-title\">Feladatgy\u0171jtem\u00e9ny<\/h4>\n                <a  href=\"https:\/\/senima.eu\/hu\/a-senima-eszkoztar-feladatgyujtemeny\/\" target=\"_self\"   class=\"aux-button aux-medium aux-steel-blue aux-round aux-outline\" ><span class=\"aux-overlay\"><\/span><span class=\"aux-text\">Olvass tov\u00e1bb<\/span><\/a>            <\/div>\n        <\/div>\n                    <div class=\"aux-text-widget-footer\">\n                <div class=\"aux-border-shape-none \">\n                                <\/div>\n            <\/div>\n        \n<\/section><!-- widget-container -->\t\t\t\t<\/div>\n\t\t\t\t<\/div>\n\t\t\t\t\t<\/div>\n\t\t<\/div>\n\t\t\t\t<div class=\"aux-parallax-section elementor-column elementor-col-33 elementor-top-column elementor-element elementor-element-a598e3c\" data-id=\"a598e3c\" data-element_type=\"column\">\n\t\t\t<div class=\"elementor-widget-wrap elementor-element-populated\">\n\t\t\t\t\t\t<div class=\"elementor-element elementor-element-7cc7367 elementor-widget elementor-widget-aux_text\" data-id=\"7cc7367\" data-element_type=\"widget\" data-widget_type=\"aux_text.default\">\n\t\t\t\t<div class=\"elementor-widget-container\">\n\t\t\t\t\t<section class=\"widget-container aux-widget-text aux-parent-au5f4f70e6\">        <div class=\"aux-widget-advanced-text aux-wrap-style-simple aux-ico-pos-top aux-text-center aux-text-resp- aux-text-color-dark aux-text-widget-bg-center aux-text-no-content \" >\n        \n                            <div class=\"aux-text-widget-header \"  >\n                        <div class=\"aux-ico-box aux-ico-large aux-ico-shape-circle aux-ico-clear \">\n                            <i aria-hidden=\"true\" class=\"aux-ico far fa-gem\"><\/i>                        <\/div>\n                <\/div>\n            \n            <div class=\"aux-text-inner aux-text-widget-content\">\n                                <h4 class=\"col-title\">Alkalmazott esettanulm\u00e1nyok<\/h4>\n                <a  href=\"https:\/\/senima.eu\/hu\/a-senima-eszkoztar-alkalmazott-esettanulmanyok\/\" target=\"_self\"   class=\"aux-button aux-medium aux-steel-blue aux-round aux-outline\" ><span class=\"aux-overlay\"><\/span><span class=\"aux-text\">Olvass tov\u00e1bb<\/span><\/a>            <\/div>\n        <\/div>\n                    <div class=\"aux-text-widget-footer\">\n                <div class=\"aux-border-shape-none \">\n                                <\/div>\n            <\/div>\n        \n<\/section><!-- widget-container -->\t\t\t\t<\/div>\n\t\t\t\t<\/div>\n\t\t\t\t\t<\/div>\n\t\t<\/div>\n\t\t\t\t\t<\/div>\n\t\t<\/section>\n\t\t\t\t<\/div>\n\t\t","protected":false},"excerpt":{"rendered":"<p>A SENIMA Eszk\u00f6zt\u00e1r: Feladatgy\u0171jtem\u00e9ny \u00e9s Alkalmazott esettanulm\u00e1nyok A SENIMA Eszk\u00f6zt\u00e1r egy olyan \u00e1tfog\u00f3 forr\u00e1s, amelynek c\u00e9lja, hogy a t\u00e1rsadalmi \u00e9s \u00fczleti v\u00e1llalkoz\u00e1sok sz\u00e1m\u00e1ra lehet\u0151v\u00e9 tegye a t\u00e1rsadalmi v\u00e1llalkoz\u00f3i elvek \u00e1tv\u00e9tel\u00e9t, mivel tev\u00e9kenys\u00e9geket \u00e9s alkalmazott esettanulm\u00e1nyokat is tartalmaz, amelyek t\u00e1mogatj\u00e1k az elm\u00e9leti ismeretek \u00e1t\u00fcltet\u00e9s\u00e9t a gyakorlatba. A SENIMA Tananyagb\u00f3l \u00e9s annak n\u00e9gy modulj\u00e1b\u00f3l (A t\u00e1rsadalmi v\u00e1llalkoz\u00e1sok [&hellip;]<\/p>\n","protected":false},"author":1,"featured_media":0,"parent":0,"menu_order":0,"comment_status":"closed","ping_status":"closed","template":"","meta":{"footnotes":""},"categories":[],"tags":[],"class_list":["post-3697","page","type-page","status-publish","hentry"],"jetpack_sharing_enabled":true,"_links":{"self":[{"href":"https:\/\/senima.eu\/hu\/wp-json\/wp\/v2\/pages\/3697","targetHints":{"allow":["GET"]}}],"collection":[{"href":"https:\/\/senima.eu\/hu\/wp-json\/wp\/v2\/pages"}],"about":[{"href":"https:\/\/senima.eu\/hu\/wp-json\/wp\/v2\/types\/page"}],"author":[{"embeddable":true,"href":"https:\/\/senima.eu\/hu\/wp-json\/wp\/v2\/users\/1"}],"replies":[{"embeddable":true,"href":"https:\/\/senima.eu\/hu\/wp-json\/wp\/v2\/comments?post=3697"}],"version-history":[{"count":0,"href":"https:\/\/senima.eu\/hu\/wp-json\/wp\/v2\/pages\/3697\/revisions"}],"wp:attachment":[{"href":"https:\/\/senima.eu\/hu\/wp-json\/wp\/v2\/media?parent=3697"}],"wp:term":[{"taxonomy":"category","embeddable":true,"href":"https:\/\/senima.eu\/hu\/wp-json\/wp\/v2\/categories?post=3697"},{"taxonomy":"post_tag","embeddable":true,"href":"https:\/\/senima.eu\/hu\/wp-json\/wp\/v2\/tags?post=3697"}],"curies":[{"name":"wp","href":"https:\/\/api.w.org\/{rel}","templated":true}]}}