{"id":3698,"date":"2024-01-19T10:42:46","date_gmt":"2024-01-19T10:42:46","guid":{"rendered":"https:\/\/senima.eu\/?page_id=3698"},"modified":"2024-01-22T07:06:23","modified_gmt":"2024-01-22T07:06:23","slug":"a-senima-eszkoztar-alkalmazott-esettanulmanyok","status":"publish","type":"page","link":"https:\/\/senima.eu\/hu\/a-senima-eszkoztar-alkalmazott-esettanulmanyok\/","title":{"rendered":"A SENIMA Eszk\u00f6zt\u00e1r (Case-Studies)"},"content":{"rendered":"\t\t<div data-elementor-type=\"wp-page\" data-elementor-id=\"3698\" class=\"elementor elementor-3698 elementor-3029\">\n\t\t\t\t\t\t<section class=\"elementor-section elementor-top-section elementor-element elementor-element-af0e492 elementor-section-boxed elementor-section-height-default elementor-section-height-default\" data-id=\"af0e492\" data-element_type=\"section\">\n\t\t\t\t\t\t<div class=\"elementor-container elementor-column-gap-default\">\n\t\t\t\t\t<div class=\"aux-parallax-section elementor-column elementor-col-100 elementor-top-column elementor-element elementor-element-3e34bf9\" data-id=\"3e34bf9\" data-element_type=\"column\">\n\t\t\t<div class=\"elementor-widget-wrap elementor-element-populated\">\n\t\t\t\t\t\t<div class=\"elementor-element elementor-element-6b5fdff elementor-widget elementor-widget-heading\" data-id=\"6b5fdff\" data-element_type=\"widget\" data-widget_type=\"heading.default\">\n\t\t\t\t<div class=\"elementor-widget-container\">\n\t\t\t\t\t<h1 class=\"elementor-heading-title elementor-size-default\">A SENIMA Eszk\u00f6zt\u00e1r Feladatgy\u0171jtem\u00e9ny \u00e9s Alkalmazott esettanulm\u00e1nyok\n<\/h1>\t\t\t\t<\/div>\n\t\t\t\t<\/div>\n\t\t\t\t<div class=\"elementor-element elementor-element-6f58441 elementor-widget elementor-widget-heading\" data-id=\"6f58441\" data-element_type=\"widget\" data-widget_type=\"heading.default\">\n\t\t\t\t<div class=\"elementor-widget-container\">\n\t\t\t\t\t<h2 class=\"elementor-heading-title elementor-size-default\">Alkalmazott esettanulm\u00e1nyok<\/h2>\t\t\t\t<\/div>\n\t\t\t\t<\/div>\n\t\t\t\t\t<\/div>\n\t\t<\/div>\n\t\t\t\t\t<\/div>\n\t\t<\/section>\n\t\t\t\t<section class=\"elementor-section elementor-top-section elementor-element elementor-element-4ad675e elementor-section-boxed elementor-section-height-default elementor-section-height-default\" data-id=\"4ad675e\" data-element_type=\"section\">\n\t\t\t\t\t\t<div class=\"elementor-container elementor-column-gap-default\">\n\t\t\t\t\t<div class=\"aux-parallax-section elementor-column elementor-col-100 elementor-top-column elementor-element elementor-element-343afab\" data-id=\"343afab\" data-element_type=\"column\">\n\t\t\t<div class=\"elementor-widget-wrap\">\n\t\t\t\t\t\t\t<\/div>\n\t\t<\/div>\n\t\t\t\t\t<\/div>\n\t\t<\/section>\n\t\t\t\t<\/div>\n\t\t","protected":false},"excerpt":{"rendered":"<p>A SENIMA Eszk\u00f6zt\u00e1r Feladatgy\u0171jtem\u00e9ny \u00e9s Alkalmazott esettanulm\u00e1nyok Alkalmazott esettanulm\u00e1nyok Hum\u00e1ner\u0151forr\u00e1s-menedzsment a Munka az \u00e1gyb\u00f3l Alap\u00edtv\u00e1nyn\u00e1l K\u00f6z\u00f6s korm\u00e1nyz\u00e1s Taranto v\u00e1ros\u00e1ban T\u00e1rsadalmi szeml\u00e9letform\u00e1l\u00e1s: V\u00e1llalati t\u00e1rsadalmi felel\u0151ss\u00e9gv\u00e1llal\u00e1s \u00e9s fenntarthat\u00f3s\u00e1gi t\u00f6rekv\u00e9sek a Rehabil K\u00f6zhaszn\u00fa Nonprofit Kft-n\u00e9l P\u00e9nz\u00fcgyi innov\u00e1ci\u00f3 t\u00e1rsadalmi v\u00e1llalkoz\u00e1soknak G\u00f6r\u00f6gorsz\u00e1g: Odyssea &#8211; holisztikus modell az integr\u00e1ci\u00f3 jegy\u00e9ben<\/p>\n","protected":false},"author":1,"featured_media":0,"parent":0,"menu_order":0,"comment_status":"closed","ping_status":"closed","template":"","meta":{"footnotes":""},"categories":[],"tags":[],"class_list":["post-3698","page","type-page","status-publish","hentry"],"jetpack_sharing_enabled":true,"_links":{"self":[{"href":"https:\/\/senima.eu\/hu\/wp-json\/wp\/v2\/pages\/3698","targetHints":{"allow":["GET"]}}],"collection":[{"href":"https:\/\/senima.eu\/hu\/wp-json\/wp\/v2\/pages"}],"about":[{"href":"https:\/\/senima.eu\/hu\/wp-json\/wp\/v2\/types\/page"}],"author":[{"embeddable":true,"href":"https:\/\/senima.eu\/hu\/wp-json\/wp\/v2\/users\/1"}],"replies":[{"embeddable":true,"href":"https:\/\/senima.eu\/hu\/wp-json\/wp\/v2\/comments?post=3698"}],"version-history":[{"count":0,"href":"https:\/\/senima.eu\/hu\/wp-json\/wp\/v2\/pages\/3698\/revisions"}],"wp:attachment":[{"href":"https:\/\/senima.eu\/hu\/wp-json\/wp\/v2\/media?parent=3698"}],"wp:term":[{"taxonomy":"category","embeddable":true,"href":"https:\/\/senima.eu\/hu\/wp-json\/wp\/v2\/categories?post=3698"},{"taxonomy":"post_tag","embeddable":true,"href":"https:\/\/senima.eu\/hu\/wp-json\/wp\/v2\/tags?post=3698"}],"curies":[{"name":"wp","href":"https:\/\/api.w.org\/{rel}","templated":true}]}}