{"id":3970,"date":"2024-01-22T08:16:29","date_gmt":"2024-01-22T08:16:29","guid":{"rendered":"https:\/\/senima.eu\/?page_id=3970"},"modified":"2024-01-22T09:42:10","modified_gmt":"2024-01-22T09:42:10","slug":"il-kit-di-strumenti-senima-attivita-didattiche-e-casi-studio-pratici-case-studies","status":"publish","type":"page","link":"https:\/\/senima.eu\/it\/il-kit-di-strumenti-senima-attivita-didattiche-e-casi-studio-pratici-case-studies\/","title":{"rendered":"Il kit di strumenti SENIMA: Attivit\u00e0 didattiche e casi studio pratici (Case-Studies)"},"content":{"rendered":"\t\t<div data-elementor-type=\"wp-page\" data-elementor-id=\"3970\" class=\"elementor elementor-3970 elementor-3029\">\n\t\t\t\t\t\t<section class=\"elementor-section elementor-top-section elementor-element elementor-element-af0e492 elementor-section-boxed elementor-section-height-default elementor-section-height-default\" data-id=\"af0e492\" data-element_type=\"section\">\n\t\t\t\t\t\t<div class=\"elementor-container elementor-column-gap-default\">\n\t\t\t\t\t<div class=\"aux-parallax-section elementor-column elementor-col-100 elementor-top-column elementor-element elementor-element-3e34bf9\" data-id=\"3e34bf9\" data-element_type=\"column\">\n\t\t\t<div class=\"elementor-widget-wrap elementor-element-populated\">\n\t\t\t\t\t\t<div class=\"elementor-element elementor-element-6b5fdff elementor-widget elementor-widget-heading\" data-id=\"6b5fdff\" data-element_type=\"widget\" data-widget_type=\"heading.default\">\n\t\t\t\t<div class=\"elementor-widget-container\">\n\t\t\t\t\t<h1 class=\"elementor-heading-title elementor-size-default\">Il kit di strumenti SENIMA: Attivit\u00e0 didattiche e casi studio pratici<\/h1>\t\t\t\t<\/div>\n\t\t\t\t<\/div>\n\t\t\t\t<div class=\"elementor-element elementor-element-6f58441 elementor-widget elementor-widget-heading\" data-id=\"6f58441\" data-element_type=\"widget\" data-widget_type=\"heading.default\">\n\t\t\t\t<div class=\"elementor-widget-container\">\n\t\t\t\t\t<h2 class=\"elementor-heading-title elementor-size-default\">casi studio pratici<\/h2>\t\t\t\t<\/div>\n\t\t\t\t<\/div>\n\t\t\t\t\t<\/div>\n\t\t<\/div>\n\t\t\t\t\t<\/div>\n\t\t<\/section>\n\t\t\t\t<section class=\"elementor-section elementor-top-section elementor-element elementor-element-4ad675e elementor-section-boxed elementor-section-height-default elementor-section-height-default\" data-id=\"4ad675e\" data-element_type=\"section\">\n\t\t\t\t\t\t<div class=\"elementor-container elementor-column-gap-default\">\n\t\t\t\t\t<div class=\"aux-parallax-section elementor-column elementor-col-100 elementor-top-column elementor-element elementor-element-343afab\" data-id=\"343afab\" data-element_type=\"column\">\n\t\t\t<div class=\"elementor-widget-wrap\">\n\t\t\t\t\t\t\t<\/div>\n\t\t<\/div>\n\t\t\t\t\t<\/div>\n\t\t<\/section>\n\t\t\t\t<\/div>\n\t\t","protected":false},"excerpt":{"rendered":"<p>Il kit di strumenti SENIMA: Attivit\u00e0 didattiche e casi studio pratici casi studio pratici Case Study Poland: Gestione delle risorse umane nella &#8220;Le\u017c\u0119 i pracuj\u0119&#8221;\/&#8221; Fondazione lavora dal letto&#8221; Case Study Italy: Co-governance nella citt\u00e0 di Taranto Case Study Greece: il modello olistico di Odyssea per l&#8217;Integrazione Case Study Hungary: Responsabilit\u00e0 Sociale d&#8217;Impresa e Sostenibilit\u00e0 [&hellip;]<\/p>\n","protected":false},"author":1,"featured_media":0,"parent":0,"menu_order":0,"comment_status":"closed","ping_status":"closed","template":"","meta":{"footnotes":""},"categories":[],"tags":[],"class_list":["post-3970","page","type-page","status-publish","hentry"],"jetpack_sharing_enabled":true,"_links":{"self":[{"href":"https:\/\/senima.eu\/it\/wp-json\/wp\/v2\/pages\/3970","targetHints":{"allow":["GET"]}}],"collection":[{"href":"https:\/\/senima.eu\/it\/wp-json\/wp\/v2\/pages"}],"about":[{"href":"https:\/\/senima.eu\/it\/wp-json\/wp\/v2\/types\/page"}],"author":[{"embeddable":true,"href":"https:\/\/senima.eu\/it\/wp-json\/wp\/v2\/users\/1"}],"replies":[{"embeddable":true,"href":"https:\/\/senima.eu\/it\/wp-json\/wp\/v2\/comments?post=3970"}],"version-history":[{"count":0,"href":"https:\/\/senima.eu\/it\/wp-json\/wp\/v2\/pages\/3970\/revisions"}],"wp:attachment":[{"href":"https:\/\/senima.eu\/it\/wp-json\/wp\/v2\/media?parent=3970"}],"wp:term":[{"taxonomy":"category","embeddable":true,"href":"https:\/\/senima.eu\/it\/wp-json\/wp\/v2\/categories?post=3970"},{"taxonomy":"post_tag","embeddable":true,"href":"https:\/\/senima.eu\/it\/wp-json\/wp\/v2\/tags?post=3970"}],"curies":[{"name":"wp","href":"https:\/\/api.w.org\/{rel}","templated":true}]}}