{"id":3479,"date":"2024-01-09T09:58:42","date_gmt":"2024-01-09T09:58:42","guid":{"rendered":"https:\/\/senima.eu\/?page_id=3479"},"modified":"2024-01-17T09:24:09","modified_gmt":"2024-01-17T09:24:09","slug":"senima-zestaw-narzedzi-i-studia-przypadkow","status":"publish","type":"page","link":"https:\/\/senima.eu\/pl\/senima-zestaw-narzedzi-i-studia-przypadkow\/","title":{"rendered":"SENIMA Zestaw narz\u0119dzi i studia przypadk\u00f3w"},"content":{"rendered":"\t\t<div data-elementor-type=\"wp-page\" data-elementor-id=\"3479\" class=\"elementor elementor-3479 elementor-2879\">\n\t\t\t\t\t\t<section class=\"elementor-section elementor-top-section elementor-element elementor-element-af0e492 elementor-section-boxed elementor-section-height-default elementor-section-height-default\" data-id=\"af0e492\" data-element_type=\"section\">\n\t\t\t\t\t\t<div class=\"elementor-container elementor-column-gap-default\">\n\t\t\t\t\t<div class=\"aux-parallax-section elementor-column elementor-col-100 elementor-top-column elementor-element elementor-element-3e34bf9\" data-id=\"3e34bf9\" data-element_type=\"column\">\n\t\t\t<div class=\"elementor-widget-wrap elementor-element-populated\">\n\t\t\t\t\t\t<div class=\"elementor-element elementor-element-6b5fdff elementor-widget elementor-widget-heading\" data-id=\"6b5fdff\" data-element_type=\"widget\" data-widget_type=\"heading.default\">\n\t\t\t\t<div class=\"elementor-widget-container\">\n\t\t\t\t\t<h1 class=\"elementor-heading-title elementor-size-default\">The SENIMA Toolkit: <br>Dzia\u0142ania Edukacyjne i Studia Przypadk\u00f3w<\/h1>\t\t\t\t<\/div>\n\t\t\t\t<\/div>\n\t\t\t\t<div class=\"elementor-element elementor-element-2408e90 elementor-widget elementor-widget-text-editor\" data-id=\"2408e90\" data-element_type=\"widget\" data-widget_type=\"text-editor.default\">\n\t\t\t\t<div class=\"elementor-widget-container\">\n\t\t\t\t\t\t\t\t\t<p>Zestaw narz\u0119dzi SENIMA to kompleksowe \u017ar\u00f3d\u0142o informacji, kt\u00f3re umo\u017cliwia przedsi\u0119biorstwom spo\u0142ecznym i biznesowym przyswojenie zasad przedsi\u0119biorczo\u015bci spo\u0142ecznej. Obejmuje zar\u00f3wno dzia\u0142ania, jak i studia przypadk\u00f3w stosowane w celu wsparcia przej\u015bcia przedsi\u0119biorc\u00f3w od wiedzy teoretycznej do praktycznego zastosowania. Oparty na <a href=\"https:\/\/senima.eu\/wp-content\/uploads\/2023\/01\/SENIMA_Syllabus_PL.pdf\">sylabusie SENIMA<\/a> i jego czterech modu\u0142ach (Modele biznesowe i formy prawne przedsi\u0119biorstw spo\u0142ecznych, Innowacje w sektorze spo\u0142ecznym, Zarz\u0105dzanie finansowe w przedsi\u0119biorstwach spo\u0142ecznych, Zarz\u0105dzanie a przedsi\u0119biorstwa spo\u0142eczne) wykorzystuje spostrze\u017cenia i wiedz\u0119 zawarte w tych modu\u0142ach, przekszta\u0142caj\u0105c je w praktyczne zasoby, kt\u00f3re umo\u017cliwiaj\u0105 jednostkom i organizacjom pewne poruszanie si\u0119 po sferze przedsi\u0119biorczo\u015bci spo\u0142ecznej.<\/p><p>Zestaw narz\u0119dzi SENIMA jest podzielony na dwie sekcje, kt\u00f3re razem tworz\u0105 ca\u0142o\u015bciowy i pot\u0119\u017cny zas\u00f3b, kt\u00f3ry pomaga uczniom, profesjonalistom i przedsi\u0119biorstwom spo\u0142ecznym nie tylko zrozumie\u0107 teoretyczne podstawy przedsi\u0119biorczo\u015bci spo\u0142ecznej, ale tak\u017ce skutecznie stosowa\u0107 je w praktyce. Pierwsza sekcja obejmuje <strong>dzia\u0142ania edukacyjne<\/strong>, kt\u00f3re s\u0105 skrupulatnie zaprojektowane w celu pog\u0142\u0119bienia zrozumienia zasad i praktyk przedsi\u0119biorczo\u015bci spo\u0142ecznej. Dzia\u0142ania te opieraj\u0105 si\u0119 na czterech podstawowych modu\u0142ach sylabusu SENIMA, oferuj\u0105c osobom prywatnym i organizacjom mo\u017cliwo\u015b\u0107 zdobycia praktycznej wiedzy i umiej\u0119tno\u015bci w takich obszarach jak modele biznesowe, innowacje, zarz\u0105dzanie finansami i \u0142ad korporacyjny w sektorze przedsi\u0119biorstw spo\u0142ecznych. R\u00f3wnolegle w drugiej cz\u0119\u015bci znajduj\u0105 si\u0119 <strong>studia przypadk\u00f3w<\/strong>, zawieraj\u0105ce przyk\u0142ady i najlepsze praktyki w \u015bwiecie rzeczywistym, kt\u00f3re pokazuj\u0105 pomy\u015blne zastosowanie koncepcji SENIMA. Te studia przypadk\u00f3w pochodz\u0105 z r\u00f3\u017cnych region\u00f3w, w tym z Polski, W\u0142och, W\u0119gier, Grecji i Cypru, oferuj\u0105c bogaty zbi\u00f3r spostrze\u017ce\u0144 i do\u015bwiadcze\u0144. Dzi\u0119ki tym badaniom u\u017cytkownicy mog\u0105 uzyska\u0107 cenny wgl\u0105d w to, w jaki spos\u00f3b przedsi\u0119biorstwa spo\u0142eczne skutecznie wdro\u017cy\u0142y zasady wyuczone w zestawie narz\u0119dzi, wype\u0142niaj\u0105c w ten spos\u00f3b luk\u0119 mi\u0119dzy teori\u0105 a namacalnymi rezultatami.<\/p>\t\t\t\t\t\t\t\t<\/div>\n\t\t\t\t<\/div>\n\t\t\t\t\t<\/div>\n\t\t<\/div>\n\t\t\t\t\t<\/div>\n\t\t<\/section>\n\t\t\t\t<section class=\"elementor-section elementor-top-section elementor-element elementor-element-879f2ee elementor-section-content-middle elementor-section-boxed elementor-section-height-default elementor-section-height-default\" data-id=\"879f2ee\" data-element_type=\"section\">\n\t\t\t\t\t\t<div class=\"elementor-container elementor-column-gap-default\">\n\t\t\t\t\t<div class=\"aux-parallax-section elementor-column elementor-col-33 elementor-top-column elementor-element elementor-element-374de0e\" data-id=\"374de0e\" data-element_type=\"column\">\n\t\t\t<div class=\"elementor-widget-wrap elementor-element-populated\">\n\t\t\t\t\t\t<div class=\"elementor-element elementor-element-a19b1a6 elementor-widget elementor-widget-aux_text\" data-id=\"a19b1a6\" data-element_type=\"widget\" data-widget_type=\"aux_text.default\">\n\t\t\t\t<div class=\"elementor-widget-container\">\n\t\t\t\t\t<section class=\"widget-container aux-widget-text aux-parent-audb92bc48\">        <div class=\"aux-widget-advanced-text aux-wrap-style-simple aux-ico-pos-top aux-text-center aux-text-resp- aux-text-color-dark aux-text-widget-bg-center aux-text-no-content \" >\n        \n                            <div class=\"aux-text-widget-header \"  >\n                        <div class=\"aux-ico-box aux-ico-large aux-ico-shape-circle aux-ico-clear \">\n                            <i aria-hidden=\"true\" class=\"aux-ico far fa-file\"><\/i>                        <\/div>\n                <\/div>\n            \n            <div class=\"aux-text-inner aux-text-widget-content\">\n                                <h4 class=\"col-title\">Pe\u0142ny dokument<\/h4>\n                <a  href=\"https:\/\/senima.eu\/pl\/senima-zestaw-narzedzi-i-studia-przypadkow-full\/\" target=\"_self\"   class=\"aux-button aux-medium aux-steel-blue aux-round aux-outline\" ><span class=\"aux-overlay\"><\/span><span class=\"aux-text\">Czytaj wi\u0119cej<\/span><\/a>            <\/div>\n        <\/div>\n                    <div class=\"aux-text-widget-footer\">\n                <div class=\"aux-border-shape-none \">\n                                <\/div>\n            <\/div>\n        \n<\/section><!-- widget-container -->\t\t\t\t<\/div>\n\t\t\t\t<\/div>\n\t\t\t\t\t<\/div>\n\t\t<\/div>\n\t\t\t\t<div class=\"aux-parallax-section elementor-column elementor-col-33 elementor-top-column elementor-element elementor-element-2603c85\" data-id=\"2603c85\" data-element_type=\"column\">\n\t\t\t<div class=\"elementor-widget-wrap elementor-element-populated\">\n\t\t\t\t\t\t<div class=\"elementor-element elementor-element-bb719fd elementor-widget elementor-widget-aux_text\" data-id=\"bb719fd\" data-element_type=\"widget\" data-widget_type=\"aux_text.default\">\n\t\t\t\t<div class=\"elementor-widget-container\">\n\t\t\t\t\t<section class=\"widget-container aux-widget-text aux-parent-aubb5cdfc5\">        <div class=\"aux-widget-advanced-text aux-wrap-style-simple aux-ico-pos-top aux-text-center aux-text-resp- aux-text-color-dark aux-text-widget-bg-center aux-text-no-content \" >\n        \n                            <div class=\"aux-text-widget-header \"  >\n                        <div class=\"aux-ico-box aux-ico-large aux-ico-shape-circle aux-ico-clear \">\n                            <i aria-hidden=\"true\" class=\"aux-ico auxicon auxicon-study\"><\/i>                        <\/div>\n                <\/div>\n            \n            <div class=\"aux-text-inner aux-text-widget-content\">\n                                <h4 class=\"col-title\">Dzia\u0142ania Edukacyjne<\/h4>\n                <a  href=\"https:\/\/senima.eu\/pl\/senima-zestaw-narzedzi-i-studia-przypadkow-dzialania-edukacyjne\/\" target=\"_self\"   class=\"aux-button aux-medium aux-steel-blue aux-round aux-outline\" ><span class=\"aux-overlay\"><\/span><span class=\"aux-text\">Czytaj wi\u0119cej<\/span><\/a>            <\/div>\n        <\/div>\n                    <div class=\"aux-text-widget-footer\">\n                <div class=\"aux-border-shape-none \">\n                                <\/div>\n            <\/div>\n        \n<\/section><!-- widget-container -->\t\t\t\t<\/div>\n\t\t\t\t<\/div>\n\t\t\t\t\t<\/div>\n\t\t<\/div>\n\t\t\t\t<div class=\"aux-parallax-section elementor-column elementor-col-33 elementor-top-column elementor-element elementor-element-a598e3c\" data-id=\"a598e3c\" data-element_type=\"column\">\n\t\t\t<div class=\"elementor-widget-wrap elementor-element-populated\">\n\t\t\t\t\t\t<div class=\"elementor-element elementor-element-7cc7367 elementor-widget elementor-widget-aux_text\" data-id=\"7cc7367\" data-element_type=\"widget\" data-widget_type=\"aux_text.default\">\n\t\t\t\t<div class=\"elementor-widget-container\">\n\t\t\t\t\t<section class=\"widget-container aux-widget-text aux-parent-au2f7b3867\">        <div class=\"aux-widget-advanced-text aux-wrap-style-simple aux-ico-pos-top aux-text-center aux-text-resp- aux-text-color-dark aux-text-widget-bg-center aux-text-no-content \" >\n        \n                            <div class=\"aux-text-widget-header \"  >\n                        <div class=\"aux-ico-box aux-ico-large aux-ico-shape-circle aux-ico-clear \">\n                            <i aria-hidden=\"true\" class=\"aux-ico far fa-gem\"><\/i>                        <\/div>\n                <\/div>\n            \n            <div class=\"aux-text-inner aux-text-widget-content\">\n                                <h4 class=\"col-title\">Studia Przypadk\u00f3w<\/h4>\n                <a  href=\"https:\/\/senima.eu\/pl\/senima-zestaw-narzedzi-i-studia-przypadkow-studia-przypadkow\/\" target=\"_self\"   class=\"aux-button aux-medium aux-steel-blue aux-round aux-outline\" ><span class=\"aux-overlay\"><\/span><span class=\"aux-text\">Czytaj wi\u0119cej<\/span><\/a>            <\/div>\n        <\/div>\n                    <div class=\"aux-text-widget-footer\">\n                <div class=\"aux-border-shape-none \">\n                                <\/div>\n            <\/div>\n        \n<\/section><!-- widget-container -->\t\t\t\t<\/div>\n\t\t\t\t<\/div>\n\t\t\t\t\t<\/div>\n\t\t<\/div>\n\t\t\t\t\t<\/div>\n\t\t<\/section>\n\t\t\t\t<\/div>\n\t\t","protected":false},"excerpt":{"rendered":"<p>The SENIMA Toolkit: Dzia\u0142ania Edukacyjne i Studia Przypadk\u00f3w Zestaw narz\u0119dzi SENIMA to kompleksowe \u017ar\u00f3d\u0142o informacji, kt\u00f3re umo\u017cliwia przedsi\u0119biorstwom spo\u0142ecznym i biznesowym przyswojenie zasad przedsi\u0119biorczo\u015bci spo\u0142ecznej. Obejmuje zar\u00f3wno dzia\u0142ania, jak i studia przypadk\u00f3w stosowane w celu wsparcia przej\u015bcia przedsi\u0119biorc\u00f3w od wiedzy teoretycznej do praktycznego zastosowania. Oparty na sylabusie SENIMA i jego czterech modu\u0142ach (Modele biznesowe i [&hellip;]<\/p>\n","protected":false},"author":1,"featured_media":0,"parent":0,"menu_order":0,"comment_status":"closed","ping_status":"closed","template":"","meta":{"footnotes":""},"categories":[],"tags":[],"class_list":["post-3479","page","type-page","status-publish","hentry"],"jetpack_sharing_enabled":true,"_links":{"self":[{"href":"https:\/\/senima.eu\/pl\/wp-json\/wp\/v2\/pages\/3479","targetHints":{"allow":["GET"]}}],"collection":[{"href":"https:\/\/senima.eu\/pl\/wp-json\/wp\/v2\/pages"}],"about":[{"href":"https:\/\/senima.eu\/pl\/wp-json\/wp\/v2\/types\/page"}],"author":[{"embeddable":true,"href":"https:\/\/senima.eu\/pl\/wp-json\/wp\/v2\/users\/1"}],"replies":[{"embeddable":true,"href":"https:\/\/senima.eu\/pl\/wp-json\/wp\/v2\/comments?post=3479"}],"version-history":[{"count":0,"href":"https:\/\/senima.eu\/pl\/wp-json\/wp\/v2\/pages\/3479\/revisions"}],"wp:attachment":[{"href":"https:\/\/senima.eu\/pl\/wp-json\/wp\/v2\/media?parent=3479"}],"wp:term":[{"taxonomy":"category","embeddable":true,"href":"https:\/\/senima.eu\/pl\/wp-json\/wp\/v2\/categories?post=3479"},{"taxonomy":"post_tag","embeddable":true,"href":"https:\/\/senima.eu\/pl\/wp-json\/wp\/v2\/tags?post=3479"}],"curies":[{"name":"wp","href":"https:\/\/api.w.org\/{rel}","templated":true}]}}